{"id":57,"date":"2023-10-30T20:25:19","date_gmt":"2023-10-30T20:25:19","guid":{"rendered":"https:\/\/cymcomercial.cl\/?post_type=product&#038;p=57"},"modified":"2023-11-09T19:57:27","modified_gmt":"2023-11-09T19:57:27","slug":"tornillo-volcanita-punta-broca-6x1-bolsa-1-000-unid","status":"publish","type":"product","link":"https:\/\/cymcomercial.cl\/?product=tornillo-volcanita-punta-broca-6x1-bolsa-1-000-unid","title":{"rendered":"Tornillo Volcanita Punta Broca 6&#215;1, Bolsa 1.000.- Unid."},"content":{"rendered":"<p>&#8211; Fija planchas de yeso cart\u00f3n (sistema drywall en seco) a perfiler\u00edas met\u00e1licas<br \/>\n&#8211; Fija maderas delgadas a metal<br \/>\n&#8211; Este tornillo permite la Fijaci\u00f3n adecuada y firme de planchas yeso-cart\u00f3n a estructura met\u00e1licas.<\/p>\n","protected":false},"excerpt":{"rendered":"<p><img fetchpriority=\"high\" decoding=\"async\" class=\"alignnone wp-image-37\" src=\"http:\/\/cymcomercial.cl\/wp-content\/uploads\/2023\/10\/especs_Mesa-de-trabajo-1-copia-6-scaled.jpg\" alt=\"\" width=\"400\" height=\"125\" srcset=\"https:\/\/cymcomercial.cl\/wp-content\/uploads\/2023\/10\/especs_Mesa-de-trabajo-1-copia-6-scaled.jpg 2560w, https:\/\/cymcomercial.cl\/wp-content\/uploads\/2023\/10\/especs_Mesa-de-trabajo-1-copia-6-300x94.jpg 300w, https:\/\/cymcomercial.cl\/wp-content\/uploads\/2023\/10\/especs_Mesa-de-trabajo-1-copia-6-1024x319.jpg 1024w, https:\/\/cymcomercial.cl\/wp-content\/uploads\/2023\/10\/especs_Mesa-de-trabajo-1-copia-6-768x239.jpg 768w, https:\/\/cymcomercial.cl\/wp-content\/uploads\/2023\/10\/especs_Mesa-de-trabajo-1-copia-6-1536x479.jpg 1536w, https:\/\/cymcomercial.cl\/wp-content\/uploads\/2023\/10\/especs_Mesa-de-trabajo-1-copia-6-2048x638.jpg 2048w, https:\/\/cymcomercial.cl\/wp-content\/uploads\/2023\/10\/especs_Mesa-de-trabajo-1-copia-6-600x187.jpg 600w\" sizes=\"(max-width: 400px) 100vw, 400px\" \/><\/p>\n<p>ESPECIFICACIONES:<\/p>\n<p>Largo: 1 pulgadas (25,40 mm)<br \/>\nDi\u00e1metro: 6 mm<br \/>\nMaterial: Acero<br \/>\nColor: Zincado brillante<br \/>\nTipo de tornillo: Punta Broca<br \/>\nTipo de cabeza: Trompeta<br \/>\nTipo de Apriete: Phillips<br \/>\nCantidad por paquete: 1.000 unidades.<br \/>\nCaracter\u00edstica: Punta broca<\/p>\n<p><a href=\"https:\/\/articulo.mercadolibre.cl\/MLC-1052078369-tornillo-volcanita-punta-broca-6x1-bolsa-1000-unid-_JM\" target=\"_blank\" rel=\"noopener\"><img decoding=\"async\" class=\"alignnone wp-image-85 size-full\" src=\"http:\/\/cymcomercial.cl\/wp-content\/uploads\/2023\/10\/compra.png\" alt=\"\" width=\"262\" height=\"41\" \/><\/a><\/p>\n<p>&nbsp;<\/p>\n","protected":false},"featured_media":47,"template":"","meta":{"site-sidebar-layout":"default","site-content-layout":"","ast-site-content-layout":"default","site-content-style":"default","site-sidebar-style":"default","ast-global-header-display":"","ast-banner-title-visibility":"","ast-main-header-display":"","ast-hfb-above-header-display":"","ast-hfb-below-header-display":"","ast-hfb-mobile-header-display":"","site-post-title":"","ast-breadcrumbs-content":"","ast-featured-img":"","footer-sml-layout":"","theme-transparent-header-meta":"default","adv-header-id-meta":"","stick-header-meta":"","header-above-stick-meta":"","header-main-stick-meta":"","header-below-stick-meta":"","astra-migrate-meta-layouts":"set","ast-page-background-enabled":"default","ast-page-background-meta":{"desktop":{"background-color":"var(--ast-global-color-4)","background-image":"","background-repeat":"repeat","background-position":"center center","background-size":"auto","background-attachment":"scroll","background-type":"","background-media":"","overlay-type":"","overlay-color":"","overlay-gradient":""},"tablet":{"background-color":"","background-image":"","background-repeat":"repeat","background-position":"center center","background-size":"auto","background-attachment":"scroll","background-type":"","background-media":"","overlay-type":"","overlay-color":"","overlay-gradient":""},"mobile":{"background-color":"","background-image":"","background-repeat":"repeat","background-position":"center center","background-size":"auto","background-attachment":"scroll","background-type":"","background-media":"","overlay-type":"","overlay-color":"","overlay-gradient":""}},"ast-content-background-meta":{"desktop":{"background-color":"var(--ast-global-color-5)","background-image":"","background-repeat":"repeat","background-position":"center center","background-size":"auto","background-attachment":"scroll","background-type":"","background-media":"","overlay-type":"","overlay-color":"","overlay-gradient":""},"tablet":{"background-color":"var(--ast-global-color-5)","background-image":"","background-repeat":"repeat","background-position":"center center","background-size":"auto","background-attachment":"scroll","background-type":"","background-media":"","overlay-type":"","overlay-color":"","overlay-gradient":""},"mobile":{"background-color":"var(--ast-global-color-5)","background-image":"","background-repeat":"repeat","background-position":"center center","background-size":"auto","background-attachment":"scroll","background-type":"","background-media":"","overlay-type":"","overlay-color":"","overlay-gradient":""}}},"product_cat":[19,17],"product_tag":[],"aioseo_notices":[],"jetpack_sharing_enabled":true,"_links":{"self":[{"href":"https:\/\/cymcomercial.cl\/index.php?rest_route=\/wp\/v2\/product\/57"}],"collection":[{"href":"https:\/\/cymcomercial.cl\/index.php?rest_route=\/wp\/v2\/product"}],"about":[{"href":"https:\/\/cymcomercial.cl\/index.php?rest_route=\/wp\/v2\/types\/product"}],"wp:featuredmedia":[{"embeddable":true,"href":"https:\/\/cymcomercial.cl\/index.php?rest_route=\/wp\/v2\/media\/47"}],"wp:attachment":[{"href":"https:\/\/cymcomercial.cl\/index.php?rest_route=%2Fwp%2Fv2%2Fmedia&parent=57"}],"wp:term":[{"taxonomy":"product_cat","embeddable":true,"href":"https:\/\/cymcomercial.cl\/index.php?rest_route=%2Fwp%2Fv2%2Fproduct_cat&post=57"},{"taxonomy":"product_tag","embeddable":true,"href":"https:\/\/cymcomercial.cl\/index.php?rest_route=%2Fwp%2Fv2%2Fproduct_tag&post=57"}],"curies":[{"name":"wp","href":"https:\/\/api.w.org\/{rel}","templated":true}]}}